{"id":199,"date":"2021-08-13T17:05:07","date_gmt":"2021-08-13T17:05:07","guid":{"rendered":"https:\/\/physionotebaart.de\/?page_id=199"},"modified":"2021-09-25T14:14:39","modified_gmt":"2021-09-25T14:14:39","slug":"datenschutz","status":"publish","type":"page","link":"https:\/\/physionotebaart.de\/?page_id=199","title":{"rendered":"Datenschutz"},"content":{"rendered":"\t\t<div data-elementor-type=\"wp-page\" data-elementor-id=\"199\" class=\"elementor elementor-199\" data-elementor-post-type=\"page\">\n\t\t\t\t\t\t<section class=\"elementor-section elementor-top-section elementor-element elementor-element-0a4cd71 elementor-section-boxed elementor-section-height-default elementor-section-height-default\" data-id=\"0a4cd71\" data-element_type=\"section\" data-e-type=\"section\">\n\t\t\t\t\t\t<div class=\"elementor-container elementor-column-gap-default\">\n\t\t\t\t\t<div class=\"elementor-column elementor-col-100 elementor-top-column elementor-element elementor-element-38783b2\" data-id=\"38783b2\" data-element_type=\"column\" data-e-type=\"column\">\n\t\t\t<div class=\"elementor-widget-wrap elementor-element-populated\">\n\t\t\t\t\t\t<div class=\"elementor-element elementor-element-598ffad elementor-widget elementor-widget-html\" data-id=\"598ffad\" data-element_type=\"widget\" data-e-type=\"widget\" data-widget_type=\"html.default\">\n\t\t\t\t\t<h1>Datenschutz&shy;erkl&auml;rung<\/h1>\r\n<h2>1. Datenschutz auf einen Blick<\/h2>\r\n<h3>Allgemeine Hinweise<\/h3> <p>Die folgenden Hinweise geben einen einfachen &Uuml;berblick dar&uuml;ber, was mit Ihren personenbezogenen Daten passiert, wenn Sie diese Website besuchen. Personenbezogene Daten sind alle Daten, mit denen Sie pers&ouml;nlich identifiziert werden k&ouml;nnen. Ausf&uuml;hrliche Informationen zum Thema Datenschutz entnehmen Sie unserer unter diesem Text aufgef&uuml;hrten Datenschutzerkl&auml;rung.<\/p>\r\n<h3>Datenerfassung auf dieser Website<\/h3> <h4>Wer ist verantwortlich f&uuml;r die Datenerfassung auf dieser Website?<\/h4> <p>Die Datenverarbeitung auf dieser Website erfolgt durch den Websitebetreiber. Dessen Kontaktdaten k&ouml;nnen Sie dem Abschnitt &bdquo;Hinweis zur Verantwortlichen Stelle&ldquo; in dieser Datenschutzerkl&auml;rung entnehmen.<\/p> <h4>Wie erfassen wir Ihre Daten?<\/h4> <p>Ihre Daten werden zum einen dadurch erhoben, dass Sie uns diese mitteilen. Hierbei kann es sich z.&nbsp;B. um Daten handeln, die Sie in ein Kontaktformular eingeben.<\/p> <p>Andere Daten werden automatisch oder nach Ihrer Einwilligung beim Besuch der Website durch unsere IT-Systeme erfasst. Das sind vor allem technische Daten (z.&nbsp;B. Internetbrowser, Betriebssystem oder Uhrzeit des Seitenaufrufs). Die Erfassung dieser Daten erfolgt automatisch, sobald Sie diese Website betreten.<\/p> <h4>Wof&uuml;r nutzen wir Ihre Daten?<\/h4> <p>Ein Teil der Daten wird erhoben, um eine fehlerfreie Bereitstellung der Website zu gew&auml;hrleisten. Andere Daten k&ouml;nnen zur Analyse Ihres Nutzerverhaltens verwendet werden.<\/p> <h4>Welche Rechte haben Sie bez&uuml;glich Ihrer Daten?<\/h4> <p>Sie haben jederzeit das Recht, unentgeltlich Auskunft &uuml;ber Herkunft, Empf&auml;nger und Zweck Ihrer gespeicherten personenbezogenen Daten zu erhalten. Sie haben au&szlig;erdem ein Recht, die Berichtigung oder L&ouml;schung dieser Daten zu verlangen. Wenn Sie eine Einwilligung zur Datenverarbeitung erteilt haben, k&ouml;nnen Sie diese Einwilligung jederzeit f&uuml;r die Zukunft widerrufen. Au&szlig;erdem haben Sie das Recht, unter bestimmten Umst&auml;nden die Einschr&auml;nkung der Verarbeitung Ihrer personenbezogenen Daten zu verlangen. Des Weiteren steht Ihnen ein Beschwerderecht bei der zust&auml;ndigen Aufsichtsbeh&ouml;rde zu.<\/p> <p>Hierzu sowie zu weiteren Fragen zum Thema Datenschutz k&ouml;nnen Sie sich jederzeit an uns wenden.<\/p>\r\n<h2>2. Hosting<\/h2>\r\n<h3>Strato<\/h3> <p>Wir hosten unsere Website bei Strato. Anbieter ist die Strato AG, Pascalstra&szlig;e 10, 10587 Berlin (nachfolgend: &bdquo;Strato&ldquo;). Wenn Sie unsere Website besuchen, erfasst Strato verschiedene Logfiles inklusive Ihrer IP-Adressen.<\/p> <p>Weitere Informationen entnehmen Sie der Datenschutzerkl&auml;rung von Strato: <a href=\"https:\/\/www.strato.de\/datenschutz\/\" target=\"_blank\" rel=\"noopener noreferrer\">https:\/\/www.strato.de\/datenschutz\/<\/a>.<\/p> <p>Die Verwendung von Strato erfolgt auf Grundlage von Art. 6 Abs. 1 lit. f DSGVO. Wir haben ein berechtigtes Interesse an einer m&ouml;glichst zuverl&auml;ssigen Darstellung unserer Website. Sofern eine entsprechende Einwilligung abgefragt wurde, erfolgt die Verarbeitung ausschlie&szlig;lich auf Grundlage von Art. 6 Abs. 1 lit. a DSGVO; die Einwilligung ist jederzeit widerrufbar.<\/p>\r\n<h2>3. Allgemeine Hinweise und Pflicht&shy;informationen<\/h2>\r\n<h3>Datenschutz<\/h3> <p>Die Betreiber dieser Seiten nehmen den Schutz Ihrer pers&ouml;nlichen Daten sehr ernst. Wir behandeln Ihre personenbezogenen Daten vertraulich und entsprechend den gesetzlichen Datenschutzvorschriften sowie dieser Datenschutzerkl&auml;rung.<\/p> <p>Wenn Sie diese Website benutzen, werden verschiedene personenbezogene Daten erhoben. Personenbezogene Daten sind Daten, mit denen Sie pers&ouml;nlich identifiziert werden k&ouml;nnen. Die vorliegende Datenschutzerkl&auml;rung erl&auml;utert, welche Daten wir erheben und wof&uuml;r wir sie nutzen. Sie erl&auml;utert auch, wie und zu welchem Zweck das geschieht.<\/p> <p>Wir weisen darauf hin, dass die Daten&uuml;bertragung im Internet (z.&nbsp;B. bei der Kommunikation per E-Mail) Sicherheitsl&uuml;cken aufweisen kann. Ein l&uuml;ckenloser Schutz der Daten vor dem Zugriff durch Dritte ist nicht m&ouml;glich.<\/p>\r\n<h3>Hinweis zur verantwortlichen Stelle<\/h3> <p>Die verantwortliche Stelle f&uuml;r die Datenverarbeitung auf dieser Website ist:<\/p> <p>Physiotherapie Jan und Nils Notebaart GbR <br \/>\r\nSch&uuml;tt 16 <br \/>\r\n67433 Neustadt an der Weinstra&szlig;e<\/p>\r\n\r\n<p>Telefon: 06321\/34522<br \/>\r\nE-Mail: physio.notebaart@googlemail.com<\/p>\r\n <p>Verantwortliche Stelle ist die nat&uuml;rliche oder juristische Person, die allein oder gemeinsam mit anderen &uuml;ber die Zwecke und Mittel der Verarbeitung von personenbezogenen Daten (z.&nbsp;B. Namen, E-Mail-Adressen o. &Auml;.) entscheidet.<\/p>\r\n\r\n<h3>Speicherdauer<\/h3> <p>Soweit innerhalb dieser Datenschutzerkl&auml;rung keine speziellere Speicherdauer genannt wurde, verbleiben Ihre personenbezogenen Daten bei uns, bis der Zweck f&uuml;r die Datenverarbeitung entf&auml;llt. Wenn Sie ein berechtigtes L&ouml;schersuchen geltend machen oder eine Einwilligung zur Datenverarbeitung widerrufen, werden Ihre Daten gel&ouml;scht, sofern wir keine anderen rechtlich zul&auml;ssigen Gr&uuml;nde f&uuml;r die Speicherung Ihrer personenbezogenen Daten haben (z.&nbsp;B. steuer- oder handelsrechtliche Aufbewahrungsfristen); im letztgenannten Fall erfolgt die L&ouml;schung nach Fortfall dieser Gr&uuml;nde.<\/p>\r\n<h3>Widerruf Ihrer Einwilligung zur Datenverarbeitung<\/h3> <p>Viele Datenverarbeitungsvorg&auml;nge sind nur mit Ihrer ausdr&uuml;cklichen Einwilligung m&ouml;glich. Sie k&ouml;nnen eine bereits erteilte Einwilligung jederzeit widerrufen. Die Rechtm&auml;&szlig;igkeit der bis zum Widerruf erfolgten Datenverarbeitung bleibt vom Widerruf unber&uuml;hrt.<\/p>\r\n<h3>Widerspruchsrecht gegen die Datenerhebung in besonderen F&auml;llen sowie gegen Direktwerbung (Art. 21 DSGVO)<\/h3> <p>WENN DIE DATENVERARBEITUNG AUF GRUNDLAGE VON ART. 6 ABS. 1 LIT. E ODER F DSGVO ERFOLGT, HABEN SIE JEDERZEIT DAS RECHT, AUS GR&Uuml;NDEN, DIE SICH AUS IHRER BESONDEREN SITUATION ERGEBEN, GEGEN DIE VERARBEITUNG IHRER PERSONENBEZOGENEN DATEN WIDERSPRUCH EINZULEGEN; DIES GILT AUCH F&Uuml;R EIN AUF DIESE BESTIMMUNGEN GEST&Uuml;TZTES PROFILING. DIE JEWEILIGE RECHTSGRUNDLAGE, AUF DENEN EINE VERARBEITUNG BERUHT, ENTNEHMEN SIE DIESER DATENSCHUTZERKL&Auml;RUNG. WENN SIE WIDERSPRUCH EINLEGEN, WERDEN WIR IHRE BETROFFENEN PERSONENBEZOGENEN DATEN NICHT MEHR VERARBEITEN, ES SEI DENN, WIR K&Ouml;NNEN ZWINGENDE SCHUTZW&Uuml;RDIGE GR&Uuml;NDE F&Uuml;R DIE VERARBEITUNG NACHWEISEN, DIE IHRE INTERESSEN, RECHTE UND FREIHEITEN &Uuml;BERWIEGEN ODER DIE VERARBEITUNG DIENT DER GELTENDMACHUNG, AUS&Uuml;BUNG ODER VERTEIDIGUNG VON RECHTSANSPR&Uuml;CHEN (WIDERSPRUCH NACH ART. 21 ABS. 1 DSGVO).<\/p> <p>WERDEN IHRE PERSONENBEZOGENEN DATEN VERARBEITET, UM DIREKTWERBUNG ZU BETREIBEN, SO HABEN SIE DAS RECHT, JEDERZEIT WIDERSPRUCH GEGEN DIE VERARBEITUNG SIE BETREFFENDER PERSONENBEZOGENER DATEN ZUM ZWECKE DERARTIGER WERBUNG EINZULEGEN; DIES GILT AUCH F&Uuml;R DAS PROFILING, SOWEIT ES MIT SOLCHER DIREKTWERBUNG IN VERBINDUNG STEHT. WENN SIE WIDERSPRECHEN, WERDEN IHRE PERSONENBEZOGENEN DATEN ANSCHLIESSEND NICHT MEHR ZUM ZWECKE DER DIREKTWERBUNG VERWENDET (WIDERSPRUCH NACH ART. 21 ABS. 2 DSGVO).<\/p>\r\n<h3>Beschwerde&shy;recht bei der zust&auml;ndigen Aufsichts&shy;beh&ouml;rde<\/h3> <p>Im Falle von Verst&ouml;&szlig;en gegen die DSGVO steht den Betroffenen ein Beschwerderecht bei einer Aufsichtsbeh&ouml;rde, insbesondere in dem Mitgliedstaat ihres gew&ouml;hnlichen Aufenthalts, ihres Arbeitsplatzes oder des Orts des mutma&szlig;lichen Versto&szlig;es zu. Das Beschwerderecht besteht unbeschadet anderweitiger verwaltungsrechtlicher oder gerichtlicher Rechtsbehelfe.<\/p>\r\n<h3>Recht auf Daten&shy;&uuml;bertrag&shy;barkeit<\/h3> <p>Sie haben das Recht, Daten, die wir auf Grundlage Ihrer Einwilligung oder in Erf&uuml;llung eines Vertrags automatisiert verarbeiten, an sich oder an einen Dritten in einem g&auml;ngigen, maschinenlesbaren Format aush&auml;ndigen zu lassen. Sofern Sie die direkte &Uuml;bertragung der Daten an einen anderen Verantwortlichen verlangen, erfolgt dies nur, soweit es technisch machbar ist.<\/p>\r\n<h3>Auskunft, L&ouml;schung und Berichtigung<\/h3> <p>Sie haben im Rahmen der geltenden gesetzlichen Bestimmungen jederzeit das Recht auf unentgeltliche Auskunft &uuml;ber Ihre gespeicherten personenbezogenen Daten, deren Herkunft und Empf&auml;nger und den Zweck der Datenverarbeitung und ggf. ein Recht auf Berichtigung oder L&ouml;schung dieser Daten. Hierzu sowie zu weiteren Fragen zum Thema personenbezogene Daten k&ouml;nnen Sie sich jederzeit an uns wenden.<\/p>\r\n<h3>Recht auf Einschr&auml;nkung der Verarbeitung<\/h3> <p>Sie haben das Recht, die Einschr&auml;nkung der Verarbeitung Ihrer personenbezogenen Daten zu verlangen. Hierzu k&ouml;nnen Sie sich jederzeit an uns wenden. Das Recht auf Einschr&auml;nkung der Verarbeitung besteht in folgenden F&auml;llen:<\/p> <ul> <li>Wenn Sie die Richtigkeit Ihrer bei uns gespeicherten personenbezogenen Daten bestreiten, ben&ouml;tigen wir in der Regel Zeit, um dies zu &uuml;berpr&uuml;fen. F&uuml;r die Dauer der Pr&uuml;fung haben Sie das Recht, die Einschr&auml;nkung der Verarbeitung Ihrer personenbezogenen Daten zu verlangen.<\/li> <li>Wenn die Verarbeitung Ihrer personenbezogenen Daten unrechtm&auml;&szlig;ig geschah\/geschieht, k&ouml;nnen Sie statt der L&ouml;schung die Einschr&auml;nkung der Datenverarbeitung verlangen.<\/li> <li>Wenn wir Ihre personenbezogenen Daten nicht mehr ben&ouml;tigen, Sie sie jedoch zur Aus&uuml;bung, Verteidigung oder Geltendmachung von Rechtsanspr&uuml;chen ben&ouml;tigen, haben Sie das Recht, statt der L&ouml;schung die Einschr&auml;nkung der Verarbeitung Ihrer personenbezogenen Daten zu verlangen.<\/li> <li>Wenn Sie einen Widerspruch nach Art. 21 Abs. 1 DSGVO eingelegt haben, muss eine Abw&auml;gung zwischen Ihren und unseren Interessen vorgenommen werden. Solange noch nicht feststeht, wessen Interessen &uuml;berwiegen, haben Sie das Recht, die Einschr&auml;nkung der Verarbeitung Ihrer personenbezogenen Daten zu verlangen.<\/li> <\/ul> <p>Wenn Sie die Verarbeitung Ihrer personenbezogenen Daten eingeschr&auml;nkt haben, d&uuml;rfen diese Daten &ndash; von ihrer Speicherung abgesehen &ndash; nur mit Ihrer Einwilligung oder zur Geltendmachung, Aus&uuml;bung oder Verteidigung von Rechtsanspr&uuml;chen oder zum Schutz der Rechte einer anderen nat&uuml;rlichen oder juristischen Person oder aus Gr&uuml;nden eines wichtigen &ouml;ffentlichen Interesses der Europ&auml;ischen Union oder eines Mitgliedstaats verarbeitet werden.<\/p>\r\n<h3>VERWENDUNG VON TYPEKIT-WEBSCHRIFTARTEN VON ADOBE FONTS<\/h3>\r\n<p>Wir verwenden Typekit-Webschriftarten von Adobe Fonts zur Gestaltung unserer Website. Adobe Fonts ist ein Dienst der Adobe Systems Software Ireland Companies (4-6 Riverwalk, Citywest Business Campus, Dublin 24, Republic of Ireland; welcher uns den Zugriff auf eine Schriftartenbibliothek gew\u00e4hrt.<\/p>\r\n<p>F\u00fcr die Verwendung der von uns benutzten Schriftarten muss Ihr Browser sich mit einem Server in den USA verbinden und dort die Schriftarten herunterladen. Adobe erh\u00e4lt dadurch die Information, dass unsere Website von ihrer IP-Adresse aufgerufen wurde.<\/p>\r\n<p>Adobe verf\u00fcgt \u00fcber eine Zertifizierung nach dem EU-US-Privacy-Shield. Der Privacy-Shield ist ein Abkommen zwischen den Vereinigten Staaten von Amerika und der Europ\u00e4ischen Union, das die Einhaltung europ\u00e4ischer Datenschutzstandards gew\u00e4hrleisten soll. N\u00e4here Informationen finden Sie unter:<a href=\"https:\/\/www.adobe.com\/de\/privacy\/eudatatransfers.html\"> https:\/\/www.adobe.com\/de\/privacy\/eudatatransfers.html<\/a><\/p>\r\n<p>Weitere Informationen zu Adobe Fonts finden Sie in den Datenschutzhinweisen von Adobe Fonts, die Sie hier abrufen k\u00f6nnen:<a href=\"https:\/\/www.adobe.com\/de\/privacy\/policies\/adobe-fonts.html\"> https:\/\/www.adobe.com\/de\/privacy\/policies\/adobe-fonts.html<\/a><\/p>\r\n<p>Wenn Ihr Browser Web Fonts nicht unterst\u00fctzt, wird eine Standardschrift von Ihrem Computer genutzt.<\/p>\r\n\r\n<p>Quelle: <a href=\"https:\/\/www.e-recht24.de\">https:\/\/www.e-recht24.de<\/a><\/p>\t\t\t\t<\/div>\n\t\t\t\t\t<\/div>\n\t\t<\/div>\n\t\t\t\t\t<\/div>\n\t\t<\/section>\n\t\t\t\t<\/div>\n\t\t","protected":false},"excerpt":{"rendered":"<p>Datenschutz&shy;erkl&auml;rung 1. Datenschutz auf einen Blick Allgemeine Hinweise Die folgenden Hinweise geben einen einfachen &Uuml;berblick dar&uuml;ber, was mit Ihren personenbezogenen Daten passiert, wenn Sie diese Website besuchen. Personenbezogene Daten sind alle Daten, mit denen Sie pers&ouml;nlich identifiziert werden k&ouml;nnen. Ausf&uuml;hrliche Informationen zum Thema Datenschutz entnehmen Sie unserer unter diesem Text aufgef&uuml;hrten Datenschutzerkl&auml;rung. Datenerfassung auf dieser [&hellip;]<\/p>\n","protected":false},"author":1,"featured_media":0,"parent":0,"menu_order":0,"comment_status":"closed","ping_status":"closed","template":"","meta":{"footnotes":""},"class_list":["post-199","page","type-page","status-publish","hentry"],"yoast_head":"<!-- This site is optimized with the Yoast SEO plugin v27.3 - https:\/\/yoast.com\/product\/yoast-seo-wordpress\/ -->\n<title>Datenschutz - Physionotebaart<\/title>\n<meta name=\"robots\" content=\"index, follow, max-snippet:-1, max-image-preview:large, max-video-preview:-1\" \/>\n<link rel=\"canonical\" href=\"https:\/\/physionotebaart.de\/?page_id=199\" \/>\n<meta property=\"og:locale\" content=\"de_DE\" \/>\n<meta property=\"og:type\" content=\"article\" \/>\n<meta property=\"og:title\" content=\"Datenschutz - Physionotebaart\" \/>\n<meta property=\"og:description\" content=\"Datenschutz&shy;erkl&auml;rung 1. Datenschutz auf einen Blick Allgemeine Hinweise Die folgenden Hinweise geben einen einfachen &Uuml;berblick dar&uuml;ber, was mit Ihren personenbezogenen Daten passiert, wenn Sie diese Website besuchen. Personenbezogene Daten sind alle Daten, mit denen Sie pers&ouml;nlich identifiziert werden k&ouml;nnen. Ausf&uuml;hrliche Informationen zum Thema Datenschutz entnehmen Sie unserer unter diesem Text aufgef&uuml;hrten Datenschutzerkl&auml;rung. Datenerfassung auf dieser [&hellip;]\" \/>\n<meta property=\"og:url\" content=\"https:\/\/physionotebaart.de\/?page_id=199\" \/>\n<meta property=\"og:site_name\" content=\"Physionotebaart\" \/>\n<meta property=\"article:modified_time\" content=\"2021-09-25T14:14:39+00:00\" \/>\n<meta name=\"twitter:card\" content=\"summary_large_image\" \/>\n<meta name=\"twitter:label1\" content=\"Gesch\u00e4tzte Lesezeit\" \/>\n\t<meta name=\"twitter:data1\" content=\"8\u00a0Minuten\" \/>\n<script type=\"application\/ld+json\" class=\"yoast-schema-graph\">{\"@context\":\"https:\\\/\\\/schema.org\",\"@graph\":[{\"@type\":\"WebPage\",\"@id\":\"https:\\\/\\\/physionotebaart.de\\\/?page_id=199\",\"url\":\"https:\\\/\\\/physionotebaart.de\\\/?page_id=199\",\"name\":\"Datenschutz - Physionotebaart\",\"isPartOf\":{\"@id\":\"https:\\\/\\\/physionotebaart.de\\\/#website\"},\"datePublished\":\"2021-08-13T17:05:07+00:00\",\"dateModified\":\"2021-09-25T14:14:39+00:00\",\"breadcrumb\":{\"@id\":\"https:\\\/\\\/physionotebaart.de\\\/?page_id=199#breadcrumb\"},\"inLanguage\":\"de\",\"potentialAction\":[{\"@type\":\"ReadAction\",\"target\":[\"https:\\\/\\\/physionotebaart.de\\\/?page_id=199\"]}]},{\"@type\":\"BreadcrumbList\",\"@id\":\"https:\\\/\\\/physionotebaart.de\\\/?page_id=199#breadcrumb\",\"itemListElement\":[{\"@type\":\"ListItem\",\"position\":1,\"name\":\"Startseite\",\"item\":\"https:\\\/\\\/physionotebaart.de\\\/\"},{\"@type\":\"ListItem\",\"position\":2,\"name\":\"Datenschutz\"}]},{\"@type\":\"WebSite\",\"@id\":\"https:\\\/\\\/physionotebaart.de\\\/#website\",\"url\":\"https:\\\/\\\/physionotebaart.de\\\/\",\"name\":\"Physionotebaart\",\"description\":\"\",\"potentialAction\":[{\"@type\":\"SearchAction\",\"target\":{\"@type\":\"EntryPoint\",\"urlTemplate\":\"https:\\\/\\\/physionotebaart.de\\\/?s={search_term_string}\"},\"query-input\":{\"@type\":\"PropertyValueSpecification\",\"valueRequired\":true,\"valueName\":\"search_term_string\"}}],\"inLanguage\":\"de\"}]}<\/script>\n<!-- \/ Yoast SEO plugin. -->","yoast_head_json":{"title":"Datenschutz - Physionotebaart","robots":{"index":"index","follow":"follow","max-snippet":"max-snippet:-1","max-image-preview":"max-image-preview:large","max-video-preview":"max-video-preview:-1"},"canonical":"https:\/\/physionotebaart.de\/?page_id=199","og_locale":"de_DE","og_type":"article","og_title":"Datenschutz - Physionotebaart","og_description":"Datenschutz&shy;erkl&auml;rung 1. Datenschutz auf einen Blick Allgemeine Hinweise Die folgenden Hinweise geben einen einfachen &Uuml;berblick dar&uuml;ber, was mit Ihren personenbezogenen Daten passiert, wenn Sie diese Website besuchen. Personenbezogene Daten sind alle Daten, mit denen Sie pers&ouml;nlich identifiziert werden k&ouml;nnen. Ausf&uuml;hrliche Informationen zum Thema Datenschutz entnehmen Sie unserer unter diesem Text aufgef&uuml;hrten Datenschutzerkl&auml;rung. Datenerfassung auf dieser [&hellip;]","og_url":"https:\/\/physionotebaart.de\/?page_id=199","og_site_name":"Physionotebaart","article_modified_time":"2021-09-25T14:14:39+00:00","twitter_card":"summary_large_image","twitter_misc":{"Gesch\u00e4tzte Lesezeit":"8\u00a0Minuten"},"schema":{"@context":"https:\/\/schema.org","@graph":[{"@type":"WebPage","@id":"https:\/\/physionotebaart.de\/?page_id=199","url":"https:\/\/physionotebaart.de\/?page_id=199","name":"Datenschutz - Physionotebaart","isPartOf":{"@id":"https:\/\/physionotebaart.de\/#website"},"datePublished":"2021-08-13T17:05:07+00:00","dateModified":"2021-09-25T14:14:39+00:00","breadcrumb":{"@id":"https:\/\/physionotebaart.de\/?page_id=199#breadcrumb"},"inLanguage":"de","potentialAction":[{"@type":"ReadAction","target":["https:\/\/physionotebaart.de\/?page_id=199"]}]},{"@type":"BreadcrumbList","@id":"https:\/\/physionotebaart.de\/?page_id=199#breadcrumb","itemListElement":[{"@type":"ListItem","position":1,"name":"Startseite","item":"https:\/\/physionotebaart.de\/"},{"@type":"ListItem","position":2,"name":"Datenschutz"}]},{"@type":"WebSite","@id":"https:\/\/physionotebaart.de\/#website","url":"https:\/\/physionotebaart.de\/","name":"Physionotebaart","description":"","potentialAction":[{"@type":"SearchAction","target":{"@type":"EntryPoint","urlTemplate":"https:\/\/physionotebaart.de\/?s={search_term_string}"},"query-input":{"@type":"PropertyValueSpecification","valueRequired":true,"valueName":"search_term_string"}}],"inLanguage":"de"}]}},"_links":{"self":[{"href":"https:\/\/physionotebaart.de\/index.php?rest_route=\/wp\/v2\/pages\/199","targetHints":{"allow":["GET"]}}],"collection":[{"href":"https:\/\/physionotebaart.de\/index.php?rest_route=\/wp\/v2\/pages"}],"about":[{"href":"https:\/\/physionotebaart.de\/index.php?rest_route=\/wp\/v2\/types\/page"}],"author":[{"embeddable":true,"href":"https:\/\/physionotebaart.de\/index.php?rest_route=\/wp\/v2\/users\/1"}],"replies":[{"embeddable":true,"href":"https:\/\/physionotebaart.de\/index.php?rest_route=%2Fwp%2Fv2%2Fcomments&post=199"}],"version-history":[{"count":7,"href":"https:\/\/physionotebaart.de\/index.php?rest_route=\/wp\/v2\/pages\/199\/revisions"}],"predecessor-version":[{"id":868,"href":"https:\/\/physionotebaart.de\/index.php?rest_route=\/wp\/v2\/pages\/199\/revisions\/868"}],"wp:attachment":[{"href":"https:\/\/physionotebaart.de\/index.php?rest_route=%2Fwp%2Fv2%2Fmedia&parent=199"}],"curies":[{"name":"wp","href":"https:\/\/api.w.org\/{rel}","templated":true}]}}